{"id":9699,"date":"2022-06-22T12:34:47","date_gmt":"2022-06-22T15:34:47","guid":{"rendered":"https:\/\/benellimiami.com\/?post_type=product&#038;p=9699"},"modified":"2024-05-28T13:47:45","modified_gmt":"2024-05-28T16:47:45","slug":"motomel-skua-150-silver","status":"publish","type":"product","link":"https:\/\/benellimiami.com\/es\/producto\/motomel-skua-150-silver\/","title":{"rendered":"Motomel Skua 150 Silver"},"content":{"rendered":"","protected":false},"excerpt":{"rendered":"<p>Edici\u00f3n exclusiva de tan solo 1000 unidades con motivo de nuestros 25 a\u00f1os de trayectoria. La edici\u00f3n limitada de Skua 150 Silver Edition se desarroll\u00f3 con componentes de distinci\u00f3n como la pintura \u00fanica en su historia color gris mate con tratamiento anti rayaduras, escape deportivo, cubre carter y cubre pu\u00f1os, suspensi\u00f3n invertida, tablero digital y accesorios PRO OFF ROAD.<br \/><strong>CILINDRADA 150 |\u00a0MARCA\u00a0 Motomel\u00a0| MODELO Skua 150 Silver | <a href=\" https:\/\/motomel.com.ar\/fichas-tecnicas\/ficha-tecnica-skua-150-silver.pdf \">Descargar Ficha<\/a><\/p>","protected":false},"featured_media":10605,"comment_status":"closed","ping_status":"closed","template":"","meta":{"site-sidebar-layout":"default","site-content-layout":"","ast-site-content-layout":"","site-content-style":"default","site-sidebar-style":"default","ast-global-header-display":"","ast-banner-title-visibility":"","ast-main-header-display":"","ast-hfb-above-header-display":"","ast-hfb-below-header-display":"","ast-hfb-mobile-header-display":"","site-post-title":"","ast-breadcrumbs-content":"","ast-featured-img":"","footer-sml-layout":"","theme-transparent-header-meta":"","adv-header-id-meta":"","stick-header-meta":"","header-above-stick-meta":"","header-main-stick-meta":"","header-below-stick-meta":"","astra-migrate-meta-layouts":"default","ast-page-background-enabled":"default","ast-page-background-meta":{"desktop":{"background-color":"var(--ast-global-color-4)","background-image":"","background-repeat":"repeat","background-position":"center center","background-size":"auto","background-attachment":"scroll","background-type":"","background-media":"","overlay-type":"","overlay-color":"","overlay-opacity":"","overlay-gradient":""},"tablet":{"background-color":"","background-image":"","background-repeat":"repeat","background-position":"center center","background-size":"auto","background-attachment":"scroll","background-type":"","background-media":"","overlay-type":"","overlay-color":"","overlay-opacity":"","overlay-gradient":""},"mobile":{"background-color":"","background-image":"","background-repeat":"repeat","background-position":"center center","background-size":"auto","background-attachment":"scroll","background-type":"","background-media":"","overlay-type":"","overlay-color":"","overlay-opacity":"","overlay-gradient":""}},"ast-content-background-meta":{"desktop":{"background-color":"var(--ast-global-color-5)","background-image":"","background-repeat":"repeat","background-position":"center center","background-size":"auto","background-attachment":"scroll","background-type":"","background-media":"","overlay-type":"","overlay-color":"","overlay-opacity":"","overlay-gradient":""},"tablet":{"background-color":"var(--ast-global-color-5)","background-image":"","background-repeat":"repeat","background-position":"center center","background-size":"auto","background-attachment":"scroll","background-type":"","background-media":"","overlay-type":"","overlay-color":"","overlay-opacity":"","overlay-gradient":""},"mobile":{"background-color":"var(--ast-global-color-5)","background-image":"","background-repeat":"repeat","background-position":"center center","background-size":"auto","background-attachment":"scroll","background-type":"","background-media":"","overlay-type":"","overlay-color":"","overlay-opacity":"","overlay-gradient":""}}},"product_cat":[113,114,172,162,28,176],"product_tag":[],"class_list":{"0":"post-9699","1":"product","2":"type-product","3":"status-publish","4":"has-post-thumbnail","6":"product_cat-0-a-150-cc","7":"product_cat-114","8":"product_cat-enduro","9":"product_cat-motomel","10":"product_cat-nuevo","11":"product_cat-skua-150-silver","12":"desktop-align-left","13":"tablet-align-left","14":"mobile-align-left","16":"first","17":"instock","18":"shipping-taxable","19":"purchasable","20":"product-type-simple"},"_links":{"self":[{"href":"https:\/\/benellimiami.com\/es\/wp-json\/wp\/v2\/product\/9699","targetHints":{"allow":["GET"]}}],"collection":[{"href":"https:\/\/benellimiami.com\/es\/wp-json\/wp\/v2\/product"}],"about":[{"href":"https:\/\/benellimiami.com\/es\/wp-json\/wp\/v2\/types\/product"}],"replies":[{"embeddable":true,"href":"https:\/\/benellimiami.com\/es\/wp-json\/wp\/v2\/comments?post=9699"}],"wp:featuredmedia":[{"embeddable":true,"href":"https:\/\/benellimiami.com\/es\/wp-json\/wp\/v2\/media\/10605"}],"wp:attachment":[{"href":"https:\/\/benellimiami.com\/es\/wp-json\/wp\/v2\/media?parent=9699"}],"wp:term":[{"taxonomy":"product_cat","embeddable":true,"href":"https:\/\/benellimiami.com\/es\/wp-json\/wp\/v2\/product_cat?post=9699"},{"taxonomy":"product_tag","embeddable":true,"href":"https:\/\/benellimiami.com\/es\/wp-json\/wp\/v2\/product_tag?post=9699"}],"curies":[{"name":"wp","href":"https:\/\/api.w.org\/{rel}","templated":true}]}}