{"id":9676,"date":"2022-06-22T12:33:41","date_gmt":"2022-06-22T15:33:41","guid":{"rendered":"https:\/\/benellimiami.com\/?post_type=product&#038;p=9676"},"modified":"2024-05-28T13:47:23","modified_gmt":"2024-05-28T16:47:23","slug":"motomel-cg-150-s2-start","status":"publish","type":"product","link":"https:\/\/benellimiami.com\/es\/producto\/motomel-cg-150-s2-start\/","title":{"rendered":"Motomel CG 150 S2 Start"},"content":{"rendered":"","protected":false},"excerpt":{"rendered":"<p>La confiabilidad de su resistente y experimentado motor CG de 4 tiempos de bajo mantenimiento y consumo reducido, vuelven a la S2 150 la moto por excelencia. De bajas emisiones contaminantes y alto rendimiento proporciona una aceleraci\u00f3n suave y progresiva con una ideal econom\u00eda de uso.<\/p>\n<p>El ligero manillar cromado tipo wavy-bar te ofrece una postura y cicl\u00edstica perfecta para cualquier tipo de conducci\u00f3n ya sea en la ciudad o fuera de ella.<\/p>\n<p>Su caracter\u00edstico faro redondo de estilo cl\u00e1sico, asiento con tapizado antideslizante de doble textura y agarre trasero en una sola pieza con soportes para red, brindan mayor seguridad al andar. Mientras m\u00e1s la conduzcas, m\u00e1s confianza tendr\u00e1s con ella.<br \/><strong>CILINDRADA 150 |\u00a0MARCA\u00a0 Motomel\u00a0| MODELO CG 150 S2 150 | <a href=\" https:\/\/motomel.com.ar\/fichas-tecnicas\/ficha-tecnica-s2-150-start.pdf \">Descargar Ficha<\/a><\/p>","protected":false},"featured_media":10572,"comment_status":"open","ping_status":"closed","template":"","meta":{"site-sidebar-layout":"default","site-content-layout":"","ast-site-content-layout":"","site-content-style":"default","site-sidebar-style":"default","ast-global-header-display":"","ast-banner-title-visibility":"","ast-main-header-display":"","ast-hfb-above-header-display":"","ast-hfb-below-header-display":"","ast-hfb-mobile-header-display":"","site-post-title":"","ast-breadcrumbs-content":"","ast-featured-img":"","footer-sml-layout":"","theme-transparent-header-meta":"","adv-header-id-meta":"","stick-header-meta":"","header-above-stick-meta":"","header-main-stick-meta":"","header-below-stick-meta":"","astra-migrate-meta-layouts":"default","ast-page-background-enabled":"default","ast-page-background-meta":{"desktop":{"background-color":"var(--ast-global-color-4)","background-image":"","background-repeat":"repeat","background-position":"center center","background-size":"auto","background-attachment":"scroll","background-type":"","background-media":"","overlay-type":"","overlay-color":"","overlay-opacity":"","overlay-gradient":""},"tablet":{"background-color":"","background-image":"","background-repeat":"repeat","background-position":"center center","background-size":"auto","background-attachment":"scroll","background-type":"","background-media":"","overlay-type":"","overlay-color":"","overlay-opacity":"","overlay-gradient":""},"mobile":{"background-color":"","background-image":"","background-repeat":"repeat","background-position":"center center","background-size":"auto","background-attachment":"scroll","background-type":"","background-media":"","overlay-type":"","overlay-color":"","overlay-opacity":"","overlay-gradient":""}},"ast-content-background-meta":{"desktop":{"background-color":"var(--ast-global-color-5)","background-image":"","background-repeat":"repeat","background-position":"center center","background-size":"auto","background-attachment":"scroll","background-type":"","background-media":"","overlay-type":"","overlay-color":"","overlay-opacity":"","overlay-gradient":""},"tablet":{"background-color":"var(--ast-global-color-5)","background-image":"","background-repeat":"repeat","background-position":"center center","background-size":"auto","background-attachment":"scroll","background-type":"","background-media":"","overlay-type":"","overlay-color":"","overlay-opacity":"","overlay-gradient":""},"mobile":{"background-color":"var(--ast-global-color-5)","background-image":"","background-repeat":"repeat","background-position":"center center","background-size":"auto","background-attachment":"scroll","background-type":"","background-media":"","overlay-type":"","overlay-color":"","overlay-opacity":"","overlay-gradient":""}}},"product_cat":[113,114,170,162,28,163],"product_tag":[],"class_list":{"0":"post-9676","1":"product","2":"type-product","3":"status-publish","4":"has-post-thumbnail","6":"product_cat-0-a-150-cc","7":"product_cat-114","8":"product_cat-cg-150-s2-150","9":"product_cat-motomel","10":"product_cat-nuevo","11":"product_cat-street","12":"desktop-align-left","13":"tablet-align-left","14":"mobile-align-left","16":"first","17":"instock","18":"shipping-taxable","19":"purchasable","20":"product-type-variable"},"_links":{"self":[{"href":"https:\/\/benellimiami.com\/es\/wp-json\/wp\/v2\/product\/9676","targetHints":{"allow":["GET"]}}],"collection":[{"href":"https:\/\/benellimiami.com\/es\/wp-json\/wp\/v2\/product"}],"about":[{"href":"https:\/\/benellimiami.com\/es\/wp-json\/wp\/v2\/types\/product"}],"replies":[{"embeddable":true,"href":"https:\/\/benellimiami.com\/es\/wp-json\/wp\/v2\/comments?post=9676"}],"wp:featuredmedia":[{"embeddable":true,"href":"https:\/\/benellimiami.com\/es\/wp-json\/wp\/v2\/media\/10572"}],"wp:attachment":[{"href":"https:\/\/benellimiami.com\/es\/wp-json\/wp\/v2\/media?parent=9676"}],"wp:term":[{"taxonomy":"product_cat","embeddable":true,"href":"https:\/\/benellimiami.com\/es\/wp-json\/wp\/v2\/product_cat?post=9676"},{"taxonomy":"product_tag","embeddable":true,"href":"https:\/\/benellimiami.com\/es\/wp-json\/wp\/v2\/product_tag?post=9676"}],"curies":[{"name":"wp","href":"https:\/\/api.w.org\/{rel}","templated":true}]}}